{"id":8,"date":"2017-12-27T13:28:00","date_gmt":"2017-12-27T12:28:00","guid":{"rendered":"http:\/\/business-school.pl\/start\/?page_id=8"},"modified":"2018-06-07T08:37:28","modified_gmt":"2018-06-07T06:37:28","slug":"o-projekcie","status":"publish","type":"page","link":"http:\/\/business-school.pl\/start\/o-projekcie\/","title":{"rendered":"O projekcie"},"content":{"rendered":"<h2 style=\"text-align: center;\"><strong>Witamy na stronie projektu<\/strong><\/h2>\n<h2 style=\"text-align: center;\"><span style=\"color: #ff6600;\">START DO BIZNESU\u00a0<\/span><span style=\"color: #ff6600;\">GWARANCJ\u0104 SUKCESU!<\/span><\/h2>\n<hr \/>\n<p>Projekt\u00a0<strong>\u201eStart do biznesu gwarancj\u0105 sukcesu!\u201d\u00a0<\/strong>wsp\u00f3\u0142finansowany ze\u00a0\u015brodk\u00f3w Europejskiego Funduszu Spo\u0142ecznego, realizowany przez Business School Hanna Polak Marcin Polak Sp. Jawna w\u00a0ramach Regionalnego Programu Operacyjnego Wojew\u00f3dztwa Lubelskiego na\u00a0lata 2014-2020, O\u015b Priorytetowa 9 Rynek pracy, Dzia\u0142anie 9.3 Rozw\u00f3j przedsi\u0119biorczo\u015bci.<\/p>\n<p>Zapraszamy do\u00a0udzia\u0142u w\u00a0projekcie\u00a0<strong>\u201eStart do biznesu gwarancj\u0105 sukcesu!\u201d<\/strong>, kt\u00f3rego\u00a0celem jest zwi\u0119kszenie szans na\u00a0za\u0142o\u017cenie dzia\u0142alno\u015bci gospodarczej przez 96 os\u00f3b (58 kobiet, 38 m\u0119\u017cczyzn) pozostaj\u0105cych bez zatrudnienia, w\u00a0wieku powy\u017cej 30 lat, zamieszkuj\u0105cych na\u00a0terenie wojew\u00f3dztwa lubelskiego (zgodnie z\u00a0Kodeksem Cywilnym) poprzez udzielenie wsparcia doradczo-szkoleniowego oraz\u00a0finansowego do\u00a0ko\u0144ca wrze\u015bnia 2019 r.<\/p>\n<p><strong>W\u00a0ramach projektu oferowane jest kompleksowe wsparcie w\u00a0postaci:<\/strong><\/p>\n<ul>\n<li>szkolenia oraz\u00a0indywidualnego doradztwa z\u00a0zakresu zak\u0142adania i\u00a0prowadzenia dzia\u0142alno\u015bci gospodarczej (w\u00a0tym zwrot koszt\u00f3w dojazdu uczestnik\u00f3w na\u00a0szkolenia i\u00a0doradztwo)<\/li>\n<li><strong>bezzwrotnej dotacji<\/strong>na\u00a0uruchomienie dzia\u0142alno\u015bci gospodarczej do\u00a0wysoko\u015bci\u00a0<strong>23\u00a0300,00 z\u0142\/os.<\/strong><\/li>\n<li><strong>wsparcia pomostowego finansowego\u00a0<\/strong>(na\u00a0pokrycie niezb\u0119dnych op\u0142at): przez okres pierwszych\u00a0<strong>6 m-cy w\u00a0kwocie 1550,00z\u0142\/m-c\/os.<\/strong><strong>oraz\u00a0kolejnych 6 m-cy w\u00a0kwocie 1400,00 z\u0142\/m-c\/os.<\/strong><\/li>\n<li>wsparcia pomostowego szkoleniowo-doradczego (szkolenia i\u00a0doradztwo specjalistyczne).<\/li>\n<\/ul>\n<p><strong>Planowane efekty realizacji projektu:<\/strong><\/p>\n<ul>\n<li>96 uczestnik\u00f3w projektu (58 kobiet, 38 m\u0119\u017cczyzn) nab\u0119dzie lub podniesie wiedz\u0119 i\u00a0umiej\u0119tno\u015bci z\u00a0zakresu zak\u0142adania i\u00a0prowadzenia dzia\u0142alno\u015bci gospodarczej (w\u00a0tym z\u00a0przygotowania biznesplanu)<\/li>\n<li>78 ( 47 kobiet, 31 m\u0119\u017cczyzn) uczestnik\u00f3w projektu otrzyma bezzwrotne \u015brodki na\u00a0podj\u0119cie dzia\u0142alno\u015bci gospodarczej<\/li>\n<li>utworzenie min. 78 miejsc pracy w\u00a0ramach udzielonych z\u00a0Europejskiego Funduszu Spo\u0142ecznego \u015brodk\u00f3w na\u00a0podj\u0119cie dzia\u0142alno\u015bci gospodarczej.<\/li>\n<\/ul>\n<p>Okres realizacji projektu: 01.01.2018 \u2013 30.09.2019<\/p>\n<p>Warto\u015b\u0107 projektu:\u00a0 4\u00a0998\u00a0652,10 z\u0142<\/p>\n<p>Dofinansowanie projektu: 4\u00a0748\u00a0719, 50 z\u0142<\/p>\n<hr \/>\n<p><span style=\"font-size: 14pt;\"><strong>Kto mo\u017ce wzi\u0105\u0107 udzia\u0142?<\/strong><\/span><\/p>\n<p>Projekt\u00a0<strong>\u201eStart do biznesu gwarancj\u0105 sukcesu!\u201d<\/strong>, skierowany jest\u00a0<strong>do\u00a0os\u00f3b po<\/strong>\u00a0<strong>30. roku \u017cycia (tj.\u00a0pocz\u0105wszy od\u00a0dnia 30. urodzin):<\/strong><\/p>\n<ul>\n<li>pozostaj\u0105cych bez pracy (w tym zarejestrowanych w urz\u0119dzie pracy jako bezrobotni)<\/li>\n<li>zamieszka\u0142ych na\u00a0terenie wojew\u00f3dztwa lubelskiego (w\u00a0rozumieniu przepis\u00f3w Kodeksu Cywilnego)<\/li>\n<li>zamierzaj\u0105cych z\u00a0w\u0142asnej inicjatywy za\u0142o\u017cy\u0107 dzia\u0142alno\u015b\u0107 gospodarcz\u0105 i\u00a0prowadzi\u0107 j\u0105 przez co najmniej 12 m-cy na\u00a0terenie woj.\u00a0lubelskiego,\u00a0<u>z\u00a0wy\u0142\u0105czeniem os\u00f3b zarejestrowanych w\u00a0Krajowym Rejestrze S\u0105dowym,\u00a0posiadaj\u0105cych wpis do\u00a0Centralnej Ewidencji i\u00a0Informacji o\u00a0Dzia\u0142alno\u015bci Gospodarczej lub prowadz\u0105cych dzia\u0142alno\u015b\u0107 na\u00a0podstawie odr\u0119bnych przepis\u00f3w (w\u00a0tym\u00a0in. dzia\u0142alno\u015b\u0107 adwokack\u0105, komornicz\u0105 lub o\u015bwiatow\u0105) w\u00a0okresie 12 miesi\u0119cy poprzedzaj\u0105cych dzie\u0144 przyst\u0105pienia do\u00a0projektu,<\/u><\/li>\n<li>nale\u017c\u0105cych co najmniej do\u00a0jednej z\u00a0nast\u0119puj\u0105cych grup:<\/li>\n<li>osoby z\u00a0niepe\u0142nosprawno\u015bciami<\/li>\n<li>osoby d\u0142ugotrwale bezrobotne (osoby bezrobotne nieprzerwanie przez okres min\u00a012 m-cy)<\/li>\n<li>osoby o\u00a0niskich kwalifikacjach (osoby posiadaj\u0105ce wykszta\u0142cenie maksymalnie ponadgimnazjalne).<\/li>\n<li>osob\u0105 w wieku 50+<\/li>\n<\/ul>\n<p>Ponadto w\u015br\u00f3d Uczestnik\u00f3w Projektu mog\u0105 by\u0107\u00a0<strong>osoby odchodz\u0105ce z\u00a0rolnictwa planuj\u0105ce rozpocz\u0105\u0107 prowadzenie pozarolniczej<\/strong>\u00a0dzia\u0142alno\u015bci gospodarczej (min\u00a05 os\u00f3b), kt\u00f3re znajduj\u0105 si\u0119 w\u00a0szczeg\u00f3lnie trudnej sytuacji na\u00a0rynku pracy, co oznacza, i\u017c nale\u017c\u0105 co najmniej do\u00a0jednej z\u00a0ww. grup.<\/p>\n<p>W\u00a0ramach projektu na\u00a0<u>dodatkowe punkty<\/u>\u00a0mog\u0105 liczy\u0107:<\/p>\n<ul>\n<li>osoby odchodz\u0105ce z\u00a0rolnictwa planuj\u0105ce rozpocz\u0105\u0107 pozarolnicz\u0105 dzia\u0142alno\u015b\u0107 gospodarcz\u0105,<\/li>\n<li>osoby zamierzaj\u0105ce utworzy\u0107 przedsi\u0119biorstwo spo\u0142eczne,<\/li>\n<li>kobiety, osoby z\u00a0orzeczeniem o\u00a0niepe\u0142nosprawno\u015bci i\/lub osoby zamieszkuj\u0105ce na\u00a0terenach wiejskich,<\/li>\n<li>uczestnicy projektu, kt\u00f3rzy\u00a0w\u00a0ramach utworzonych dzia\u0142alno\u015bci przewiduj\u0105 zatrudnienie min\u00a01 pracownika w\u00a0okresie pierwszych 12 m-cy prowadzenia dzia\u0142alno\u015bci.<\/li>\n<\/ul>\n<p><strong><u>Uczestnikiem Projektu nie mo\u017ce by\u0107 osoba, kt\u00f3ra:<\/u><\/strong><\/p>\n<ol>\n<li>w\u00a0okresie 12 miesi\u0119cy poprzedzaj\u0105cych dzie\u0144 przyst\u0105pienia do\u00a0Projektu posiada\u0142a aktywny wpis do\u00a0Centralnej Ewidencji i\u00a0Informacji o\u00a0Dzia\u0142alno\u015bci Gospodarczej, by\u0142a zarejestrowana jako przedsi\u0119biorca w\u00a0Krajowym Rejestrze S\u0105dowym lub prowadzi\u0142a dzia\u0142alno\u015b\u0107 gospodarcz\u0105 na\u00a0podstawie odr\u0119bnych przepis\u00f3w (w\u00a0tym m. in. dzia\u0142alno\u015b\u0107 adwokack\u0105, komornicz\u0105 lub o\u015bwiatow\u0105),<\/li>\n<li>jest wsp\u00f3lnikiem sp\u00f3\u0142ki osobowej lub posiada wi\u0119cej ni\u017c 10% udzia\u0142u w\u00a0kapitale sp\u00f3\u0142ki kapita\u0142owej,<\/li>\n<li>zasiada w\u00a0organach zarz\u0105dzaj\u0105cych lub kontrolnych podmiot\u00f3w prowadz\u0105cych dzia\u0142alno\u015b\u0107 gospodarcz\u0105 lub pe\u0142ni funkcj\u0119 prokurenta,<\/li>\n<li>jest lub by\u0142a osob\u0105 zatrudnion\u0105 w\u00a0ci\u0105gu ostatnich dw\u00f3ch lat (przed\u00a0przyst\u0105pieniem do\u00a0Projektu) u\u00a0Realizator\u00f3w Projektu, wykonawcy uczestnicz\u0105cego w\u00a0procesie rekrutacji lub oceny biznesplan\u00f3w albo jest osob\u0105, kt\u00f3r\u0105 \u0142\u0105czy lub \u0142\u0105czy\u0142 z\u00a0Realizatorami Projektu i\/lub pracownikiem Realizator\u00f3w Projektu, i\/lub wykonawcy uczestnicz\u0105cym w\u00a0procesie rekrutacji lub oceny biznesplan\u00f3w: zwi\u0105zek ma\u0142\u017ce\u0144ski, stosunek pokrewie\u0144stwa lub powinowactwa (w\u00a0linii prostej bez ogranicze\u0144 a\u00a0w\u00a0linii bocznej do\u00a0drugiego stopnia) lub zwi\u0105zek z\u00a0tytu\u0142u przysposobienia, opieki lub kurateli,<\/li>\n<li>jest osob\u0105 zaanga\u017cowan\u0105 w\u00a0realizacj\u0119 Projektu po\u00a0stronie Realizatora\/\u00f3w Projektu lub wykonawcy uczestnicz\u0105cym w\u00a0procesie rekrutacji lub oceny biznesplan\u00f3w w\u00a0przeci\u0105gu ostatnich dw\u00f3ch lat od\u00a0daty rozpocz\u0119cia realizacji Projektu,<\/li>\n<li>nie posiada pe\u0142nej zdolno\u015bci do\u00a0czynno\u015bci prawnych,<\/li>\n<li>korzysta r\u00f3wnolegle z\u00a0innych \u015brodk\u00f3w publicznych, w\u00a0tym zw\u0142aszcza ze\u00a0\u015brodk\u00f3w Funduszu Pracy, Pa\u0144stwowego Funduszu Rehabilitacji Os\u00f3b Niepe\u0142nosprawnych oraz\u00a0\u015brodk\u00f3w przyznawanych w\u00a0ramach RPO, Programu Rozwoju Obszar\u00f3w Wiejskich 2014-2020 lub innych program\u00f3w, przeznaczonych na\u00a0pokrycie tych samych wydatk\u00f3w zwi\u0105zanych z\u00a0podj\u0119ciem oraz\u00a0prowadzeniem dzia\u0142alno\u015bci gospodarczej,<\/li>\n<li>otrzyma\u0142a w\u00a0okresie 3 lat poprzedzaj\u0105cych dzie\u0144 przyst\u0105pienia do\u00a0Projektu wsparcie finansowe ze\u00a0\u015brodk\u00f3w publicznych na\u00a0uruchomienie lub prowadzenie dzia\u0142alno\u015bci gospodarczej,<\/li>\n<li>ma wobec siebie orzeczony zakaz dost\u0119pu do\u00a0\u015brodk\u00f3w publicznych, o\u00a0kt\u00f3rym mowa w\u00a0art. 12 ust. 1 pkt 1 ustawy z\u00a015 czerwca 2012\u00a0r. o\u00a0skutkach powierzania wykonywania pracy cudzoziemcom przebywaj\u0105cym wbrew przepisom na\u00a0terytorium Rzeczypospolitej Polskiej (Dz.\u00a0U. z\u00a02012\u00a0r., poz. 769),<\/li>\n<li>posiada zaleg\u0142o\u015bci w\u00a0zap\u0142acie podatk\u00f3w lub sk\u0142adek ubezpieczenia spo\u0142ecznego lub zdrowotnego lub jest wobec niej prowadzona egzekucja.<\/li>\n<\/ol>\n<p>Wi\u0119cej informacji mo\u017cna znale\u017a\u0107 w\u00a0dokumentach rekrutacyjnych, kt\u00f3re dost\u0119pne s\u0105 na <u>www.business-school.pl\/start<\/u>\u00a0w\u00a0zak\u0142adce\u00a0<em>DOKUMENTY DLA UCZESTNIK\u00d3W<\/em>.<\/p>\n<hr \/>\n<p>&nbsp;<\/p>\n","protected":false},"excerpt":{"rendered":"<p>Witamy na stronie projektu START DO BIZNESU\u00a0GWARANCJ\u0104 SUKCESU! Projekt\u00a0\u201eStart do biznesu gwarancj\u0105 sukcesu!\u201d\u00a0wsp\u00f3\u0142finansowany ze\u00a0\u015brodk\u00f3w Europejskiego Funduszu Spo\u0142ecznego, realizowany przez Business School Hanna Polak Marcin Polak Sp. Jawna w\u00a0ramach Regionalnego Programu Operacyjnego Wojew\u00f3dztwa Lubelskiego na\u00a0lata 2014-2020, O\u015b Priorytetowa 9 Rynek pracy, Dzia\u0142anie 9.3 Rozw\u00f3j przedsi\u0119biorczo\u015bci. Zapraszamy do\u00a0udzia\u0142u w\u00a0projekcie\u00a0\u201eStart do biznesu gwarancj\u0105 sukcesu!\u201d, kt\u00f3rego\u00a0celem jest zwi\u0119kszenie szans &hellip; <a href=\"http:\/\/business-school.pl\/start\/o-projekcie\/\" class=\"more-link\">Czytaj dalej <span class=\"screen-reader-text\">O projekcie<\/span> <span class=\"meta-nav\">&rarr;<\/span><\/a><\/p>\n","protected":false},"author":1,"featured_media":0,"parent":0,"menu_order":0,"comment_status":"closed","ping_status":"closed","template":"","meta":[],"_links":{"self":[{"href":"http:\/\/business-school.pl\/start\/wp-json\/wp\/v2\/pages\/8"}],"collection":[{"href":"http:\/\/business-school.pl\/start\/wp-json\/wp\/v2\/pages"}],"about":[{"href":"http:\/\/business-school.pl\/start\/wp-json\/wp\/v2\/types\/page"}],"author":[{"embeddable":true,"href":"http:\/\/business-school.pl\/start\/wp-json\/wp\/v2\/users\/1"}],"replies":[{"embeddable":true,"href":"http:\/\/business-school.pl\/start\/wp-json\/wp\/v2\/comments?post=8"}],"version-history":[{"count":5,"href":"http:\/\/business-school.pl\/start\/wp-json\/wp\/v2\/pages\/8\/revisions"}],"predecessor-version":[{"id":35,"href":"http:\/\/business-school.pl\/start\/wp-json\/wp\/v2\/pages\/8\/revisions\/35"}],"wp:attachment":[{"href":"http:\/\/business-school.pl\/start\/wp-json\/wp\/v2\/media?parent=8"}],"curies":[{"name":"wp","href":"https:\/\/api.w.org\/{rel}","templated":true}]}}