{"id":18,"date":"2017-12-27T13:29:14","date_gmt":"2017-12-27T12:29:14","guid":{"rendered":"http:\/\/business-school.pl\/start\/?page_id=18"},"modified":"2018-01-09T17:24:53","modified_gmt":"2018-01-09T16:24:53","slug":"kontakt","status":"publish","type":"page","link":"http:\/\/business-school.pl\/start\/kontakt\/","title":{"rendered":"Kontakt"},"content":{"rendered":"<div class=\"csRow\">\n<div class=\"csColumnGap\" style=\"margin: 0px; padding: 0px; float: left; width: 0.208%;\"><img style=\"border: none;\" src=\"http:\/\/business-school.pl\/start\/wp-content\/plugins\/advanced-wp-columns\/assets\/js\/plugins\/views\/img\/1x1-pixel.png\" \/><\/div>\n<div class=\"csColumn\" style=\"margin: 0px; padding: 0px; float: left; width: 43.9%;\" data-csstartpoint=\"2\" data-csendpoint=\"423\" data-cswidth=\"43.9%\" data-csid=\"98b1b16b-37ad-19cd-9722-203be7cda498\">\n<h1><span style=\"color: #ff6600;\">BUSINESS SCHOOL<\/span><br \/>\n<span style=\"color: #ff6600;\"> Biuro projektu<\/span><\/h1>\n<h5>ul. Legionowa 2 lok. 42<br \/>\n20-048 Lublin<\/h5>\n<h5>tel.\u00a0881-796-206, 881-798-689<br \/>\nfax. 22 620-62-76<\/h5>\n<h5>e-mail: <span style=\"color: #ff6600;\">start@business-school.pl<\/span><\/h5>\n<h5>Jeste\u015bmy do Pa\u0144stwa dyspozycji<br \/>\nod poniedzia\u0142ku do pi\u0105tku<br \/>\nw godzinach:<br \/>\n8.00-16.00<\/h5>\n<\/div>\n<div class=\"csColumnGap\" style=\"margin: 0px; padding: 0px; float: left; width: 1.04%;\"><img style=\"border: none;\" src=\"http:\/\/business-school.pl\/start\/wp-content\/plugins\/advanced-wp-columns\/assets\/js\/plugins\/views\/img\/1x1-pixel.png\" \/><\/div>\n<div class=\"csColumn\" style=\"margin: 0px; padding: 0px; float: left; width: 54.8%;\" data-csstartpoint=\"433\" data-csendpoint=\"959\" data-cswidth=\"54.8%\" data-csid=\"08fc3a49-2630-0eef-aa81-42d133e41594\">\n<p><iframe loading=\"lazy\" style=\"border: 0;\" src=\"https:\/\/www.google.com\/maps\/embed?pb=!1m18!1m12!1m3!1d2497.260373230557!2d22.52939581576058!3d51.25111517959393!2m3!1f0!2f0!3f0!3m2!1i1024!2i768!4f13.1!3m3!1m2!1s0x472259dc11400655%3A0x423c71bf6d2907c3!2sLegionowa+2%2C+20-048+Lublin!5e0!3m2!1spl!2spl!4v1515514799204\" width=\"600\" height=\"450\" frameborder=\"0\" allowfullscreen=\"allowfullscreen\"><\/iframe><\/p>\n<\/div>\n<div class=\"csColumnGap\" style=\"margin: 0px; padding: 0px; float: left; width: 0.104%;\"><img style=\"border: none;\" src=\"http:\/\/business-school.pl\/start\/wp-content\/plugins\/advanced-wp-columns\/assets\/js\/plugins\/views\/img\/1x1-pixel.png\" \/><\/div>\n<div style=\"clear: both; float: none; display: block; visibility: hidden; width: 0px; font-size: 0px; line-height: 0;\"><\/div>\n<\/div>\n<p>&nbsp;<\/p>\n","protected":false},"excerpt":{"rendered":"<p>BUSINESS SCHOOL Biuro projektu ul. Legionowa 2 lok. 42 20-048 Lublin tel.\u00a0881-796-206, 881-798-689 fax. 22 620-62-76 e-mail: start@business-school.pl Jeste\u015bmy do Pa\u0144stwa dyspozycji od poniedzia\u0142ku do pi\u0105tku w godzinach: 8.00-16.00 &nbsp;<\/p>\n","protected":false},"author":1,"featured_media":0,"parent":0,"menu_order":0,"comment_status":"closed","ping_status":"closed","template":"","meta":[],"_links":{"self":[{"href":"http:\/\/business-school.pl\/start\/wp-json\/wp\/v2\/pages\/18"}],"collection":[{"href":"http:\/\/business-school.pl\/start\/wp-json\/wp\/v2\/pages"}],"about":[{"href":"http:\/\/business-school.pl\/start\/wp-json\/wp\/v2\/types\/page"}],"author":[{"embeddable":true,"href":"http:\/\/business-school.pl\/start\/wp-json\/wp\/v2\/users\/1"}],"replies":[{"embeddable":true,"href":"http:\/\/business-school.pl\/start\/wp-json\/wp\/v2\/comments?post=18"}],"version-history":[{"count":3,"href":"http:\/\/business-school.pl\/start\/wp-json\/wp\/v2\/pages\/18\/revisions"}],"predecessor-version":[{"id":53,"href":"http:\/\/business-school.pl\/start\/wp-json\/wp\/v2\/pages\/18\/revisions\/53"}],"wp:attachment":[{"href":"http:\/\/business-school.pl\/start\/wp-json\/wp\/v2\/media?parent=18"}],"curies":[{"name":"wp","href":"https:\/\/api.w.org\/{rel}","templated":true}]}}