{"id":14,"date":"2018-07-31T13:28:53","date_gmt":"2018-07-31T11:28:53","guid":{"rendered":"http:\/\/business-school.pl\/start\/?page_id=14"},"modified":"2019-06-17T12:41:33","modified_gmt":"2019-06-17T10:41:33","slug":"dokumenty-dla-uczestnikow","status":"publish","type":"page","link":"http:\/\/business-school.pl\/start\/dokumenty-dla-uczestnikow\/","title":{"rendered":"Dokumenty dla Uczestnik\u00f3w"},"content":{"rendered":"<h3 style=\"text-align: center;\">Dokumenty do pobrania dla Kandydat\u00f3w do Projektu<\/h3>\n<hr \/>\n<p><strong><span style=\"text-decoration: underline;\">FORMULARZ\u00a0 ZG\u0141OSZENIOWY<\/span> <\/strong><\/p>\n<ul>\n<li><a href=\"http:\/\/business-school.pl\/start\/wp-content\/uploads\/2018\/08\/Regulamin-rekrutacji-Start-do-biznesu-aktualizacja-08.08.2018-1.pdf\">Regulamin rekrutacji Start do biznesu aktualizacja 08.08.2018-1<\/a><\/li>\n<li><a href=\"http:\/\/business-school.pl\/start\/wp-content\/uploads\/2018\/08\/Regulamin-rekrutacji-projekt-Start-do-biznesu-aktualizacja1_K35pkt.docx\">Regulamin rekrutacji projekt Start do biznesu aktualizacja 31_07_2018<\/a><\/li>\n<li><a href=\"http:\/\/business-school.pl\/start\/wp-content\/uploads\/2018\/07\/1.-Regulamin-rekrutacji-w-projekcie-Start-do-biznesu-aktualizacja-12_06_18.docx\">Regulamin rekrutacji w projekcie Start do biznesu-aktualizacja-12_06_2018<\/a><\/li>\n<li><a href=\"http:\/\/business-school.pl\/start\/wp-content\/uploads\/2018\/03\/1.-Regulamin-rekrutacji-w-projekcie-Start-do-biznesu-aktualizacja-30.03.2018.doc\">Regulamin rekrutacji w projekcie Start do biznesu-aktualizacja 30.03.2018<\/a><\/li>\n<li><a href=\"http:\/\/business-school.pl\/start\/wp-content\/uploads\/2018\/01\/2.-Formularz-zg\u0142oszeniowy.docx\">Formularz zg\u0142oszeniowy<\/a>.pdf<\/li>\n<li><a href=\"http:\/\/business-school.pl\/start\/wp-content\/uploads\/2018\/01\/2.-Formularz-zg\u0142oszeniowy.docx\">Formularz zg\u0142oszeniowy<\/a>.docx<\/li>\n<li><a href=\"http:\/\/business-school.pl\/start\/wp-content\/uploads\/2018\/01\/3.-Karta-oceny-formularza-wszystkie-etapy-w-tym-doradca.pdf\">Karta oceny formularza &#8211; wszystkie etapy (w tym doradca)<\/a>.pdf<\/li>\n<li><a href=\"http:\/\/business-school.pl\/start\/wp-content\/uploads\/2018\/07\/3.-Karta-oceny-formularza-wszystkie-etapy-w-tym-doradca_12_06.docx\">Karta oceny formularza &#8211; wszystkie etapy (w tym doradca)_12_06<strong>\u00a0<\/strong><\/a><strong>wa\u017cna od 12.06.2018<\/strong><\/li>\n<li><a href=\"http:\/\/business-school.pl\/start\/wp-content\/uploads\/2018\/08\/3.-Karta-oceny-formularza-wszystkie-etapy-w-tym-doradca_31_07.docx\">Karta oceny formularza wszystkie etapy w tym doradca_31_07\u00a0<\/a><span style=\"color: #800080;\"><strong>wa\u017cna od 31.07.2018<\/strong><\/span><\/li>\n<li><a href=\"http:\/\/business-school.pl\/start\/wp-content\/uploads\/2018\/05\/Oswiadczenie-o-KRUS.docx\">O\u015bwiadczenie o KRUS<\/a> Docx<\/li>\n<li><a href=\"http:\/\/business-school.pl\/start\/wp-content\/uploads\/2018\/05\/Oswiadczenie-o-otrzymaniu-nieotrzymaniu-pomocy-de-minimis.doc\">O\u015bwiadczenie o otrzymaniu, nieotrzymaniu pomocy de minimis<\/a> Docx<\/li>\n<li><a href=\"http:\/\/business-school.pl\/start\/wp-content\/uploads\/2018\/05\/Oswiadczenie-tozsamosci-wersji-papier-i-elektr.doc\">O\u015bwiadczenie to\u017csamo\u015bci wersji papier i elektr<\/a> Docx<\/li>\n<li><a href=\"http:\/\/business-school.pl\/start\/wp-content\/uploads\/2018\/07\/Rwgulamin-zwrotu-kosztow-dojazdu.doc\">Regulamin zwrotu koszt\u00f3w dojazdu<\/a>.docx<\/li>\n<li><a href=\"http:\/\/business-school.pl\/start\/wp-content\/uploads\/2018\/07\/Za\u0142.1_zwrot-koszt\u00f3w-dojazdu-komunikacj\u0105-zbiorow\u0105.doc\">Za\u0142.1_zwrot koszt\u00f3w dojazdu komunikacj\u0105 zbiorow\u0105<\/a><\/li>\n<\/ul>\n<hr \/>\n<p><span style=\"text-decoration: underline;\"><strong>BIZNES\u00a0 PLAN<br \/>\n<\/strong><\/span><\/p>\n<ul>\n<li><a href=\"http:\/\/business-school.pl\/start\/wp-content\/uploads\/2018\/05\/wz\u00f3r-biznesplanu.doc\">Wz\u00f3r biznesplanu<\/a> Docx<\/li>\n<li><a href=\"http:\/\/business-school.pl\/start\/wp-content\/uploads\/2018\/05\/Zakres-wymagan-dotyczacych-oceny-biznesplanu.docx\">Zakres wymaga\u0144 dotycz\u0105cych oceny biznesplanu<\/a> Docx<\/li>\n<li><a href=\"http:\/\/business-school.pl\/start\/wp-content\/uploads\/2018\/05\/Karta-oceny-biznesplanu-I-oceniaj\u0105cy-1.docx\">Karta oceny biznesplanu &#8211; I oceniaj\u0105cy<\/a> Docx<\/li>\n<li><a href=\"http:\/\/business-school.pl\/start\/wp-content\/uploads\/2018\/05\/Karta-oceny-biznesplanu-II-oceniaj\u0105cy-1.docx\">Karta oceny biznesplanu &#8211; II oceniaj\u0105cy<\/a> Docx<\/li>\n<li><a href=\"http:\/\/business-school.pl\/start\/wp-content\/uploads\/2018\/05\/Zbiorcza-karta-oceny-biznesplan\u00f3w.docx\">Zbiorcza karta oceny biznesplan\u00f3w<\/a> Docx<\/li>\n<li><a href=\"http:\/\/business-school.pl\/start\/wp-content\/uploads\/2018\/05\/Wniosek-o-ponowne-rozpatrzenie-biznesplanu.doc\">Wniosek o ponowne rozpatrzenie biznesplanu<\/a> Docx<\/li>\n<\/ul>\n<hr \/>\n<p><span style=\"text-decoration: underline;\"><strong>DOTACJA-PRZYZNANIE \u015aRODK\u00d3W FINANSOWYCH I ICH ROZLICZENIE<br \/>\n<\/strong><\/span><\/p>\n<ul>\n<li><a href=\"http:\/\/business-school.pl\/start\/wp-content\/uploads\/2018\/05\/Regulamin-przyznawania-\u015brodk\u00f3w-finansowych-w-projekcie-1.pdf\">Regulamin-przyznawania-\u015brodk\u00f3w-finansowych w projekcie<\/a>.pdf<\/li>\n<li><a href=\"http:\/\/business-school.pl\/start\/wp-content\/uploads\/2018\/05\/O\u015bwiadczenie-dot.-numeru-konta.docx\">O\u015bwiadczenie dot. numeru konta<\/a> Docx<\/li>\n<li><a href=\"http:\/\/business-school.pl\/start\/wp-content\/uploads\/2018\/05\/O\u015bwiadczenie-dotycz\u0105ce-zakazu-dost\u0119pu-do-\u015brodk\u00f3w.doc\">O\u015bwiadczenie dotycz\u0105ce zakazu dost\u0119pu do \u015brodk\u00f3w<\/a> Docx<\/li>\n<li><a href=\"http:\/\/business-school.pl\/start\/wp-content\/uploads\/2018\/05\/Za\u015bwiadczenie-o-zarobkach.docx\">Za\u015bwiadczenie o zarobkach<\/a> Docx<\/li>\n<li><a href=\"http:\/\/business-school.pl\/start\/wp-content\/uploads\/2018\/05\/Zgoda-wsp\u00f3\u0142ma\u0142\u017conka.doc\">Zgoda wsp\u00f3\u0142ma\u0142\u017conka<\/a> Docx<\/li>\n<li><a href=\"http:\/\/business-school.pl\/start\/wp-content\/uploads\/2018\/04\/Standardy-udzielania-wsparcia-na-rozw\u00f3j-przedsi\u0119biorczo\u015bci.pdf\">Standardy udzielania wsparcia na rozw\u00f3j przedsi\u0119biorczo\u015bci PDF<\/a> <strong>&#8211;<\/strong> <strong>UWAGA: STANDARDY b\u0119d\u0105 stosowane pomocniczo, w sprawach nieuregulowanych w Regulaminach projektowych.<\/strong><\/li>\n<\/ul>\n<p>________________________________________________________<\/p>\n<p><strong><span style=\"text-decoration: underline;\"><em>Dokumenty Potrzebne do podpisania umowy<\/em><\/span><\/strong><\/p>\n<p><em>Dla uczestnika<\/em><\/p>\n<ul>\n<li><a href=\"http:\/\/business-school.pl\/start\/wp-content\/uploads\/2018\/06\/Kwestionariusz-uczestnik-maj\u0105tek.doc\">Kwestionariusz -uczestnik &#8211; maj\u0105tek<\/a><\/li>\n<li><a href=\"http:\/\/business-school.pl\/start\/wp-content\/uploads\/2018\/06\/O\u015bwiadczenie-dzia\u0142alno\u015b\u0107-cz\u0142onkow-rodziny.docx\">O\u015bwiadczenie &#8211; dzia\u0142alno\u015b\u0107 cz\u0142onkow rodziny<\/a><\/li>\n<li><a href=\"http:\/\/business-school.pl\/start\/wp-content\/uploads\/2018\/06\/O\u015bwiadczenie-niepe\u0142nosprawni-ZUS.docx\">O\u015bwiadczenie &#8211; niepe\u0142nosprawni ZUS<\/a><\/li>\n<li><a href=\"http:\/\/business-school.pl\/start\/wp-content\/uploads\/2018\/06\/o\u015bwiadczenie-uczestnika-przetwarzanie-danych.doc\">o\u015bwiadczenie uczestnika &#8211; przetwarzanie danych<\/a><\/li>\n<li><a href=\"http:\/\/business-school.pl\/start\/wp-content\/uploads\/2018\/06\/O\u015bwiadczenie-o-miejscu-zamieszkania.docx\">O\u015bwiadczenie-o-miejscu-zamieszkania<\/a><\/li>\n<li><a href=\"http:\/\/business-school.pl\/start\/wp-content\/uploads\/2018\/05\/O\u015bwiadczenie-o-niepozostawaniu-w-zwi\u0105zku-ma\u0142\u017ce\u0144skim.doc\">O\u015bwiadczenie o niepozostawaniu w zwi\u0105zku ma\u0142\u017ce\u0144skim<\/a> Docx<\/li>\n<li><a href=\"http:\/\/business-school.pl\/start\/wp-content\/uploads\/2018\/05\/O\u015bwiadczenie-o-nieprowadzeniu-in.DG-pod-adresem.doc\">O\u015bwiadczenie o nieprowadzeniu in.DG pod adresem<\/a> Docx<\/li>\n<li><a href=\"http:\/\/business-school.pl\/start\/wp-content\/uploads\/2018\/09\/SDB-L-kwestionariusz-badajacy-potrzeby-uczestnika.doc\">Ankieta\u00a0 badaj\u0105ca potrzeby doradcze i szkoleniowe uczestnika<\/a><\/li>\n<\/ul>\n<p><em>Dla por\u0119czyciela<\/em><\/p>\n<ul>\n<li><a href=\"http:\/\/business-school.pl\/start\/wp-content\/uploads\/2018\/06\/Za\u015bwiadczenie-o-zarobkach.docx\">Za\u015bwiadczenie o zarobkach<\/a><\/li>\n<li><a href=\"http:\/\/business-school.pl\/start\/wp-content\/uploads\/2018\/06\/O\u015bwiadczenie-statusie-cywilnym-por\u0119czyciela.docx\">O\u015bwiadczenie statusie cywilnym por\u0119czyciela<\/a><\/li>\n<li><a href=\"http:\/\/business-school.pl\/start\/wp-content\/uploads\/2018\/06\/o\u015bwiadczenie-ma\u0142\u017conka-por\u0119czyciela.doc\">o\u015bwiadczenie ma\u0142\u017conka por\u0119czyciela<\/a><\/li>\n<li><a href=\"http:\/\/business-school.pl\/start\/wp-content\/uploads\/2018\/06\/O\u015bwiadczenie-maj\u0105tkowe-Por\u0119czyciela.docx\">O\u015bwiadczenie maj\u0105tkowe Por\u0119czyciela<\/a><\/li>\n<li><a href=\"http:\/\/business-school.pl\/start\/wp-content\/uploads\/2018\/07\/O\u015bwiadczenie-d\u0142ugi-uczestnikpor\u0119czyciel-1.docx\">O\u015bwiadczenie d\u0142ugi uczestnik_por\u0119czyciel<\/a><\/li>\n<\/ul>\n<p>____________________________________________________________<\/p>\n<p><strong><span style=\"text-decoration: underline;\"><em>Wsparcie finansowe<\/em><\/span><\/strong><\/p>\n<p><span style=\"font-family: georgia, palatino, serif;\"><em>otrzymanie<\/em><\/span><\/p>\n<ul>\n<li><a href=\"http:\/\/business-school.pl\/start\/wp-content\/uploads\/2018\/05\/Wniosek-o-przyznanie-wsparcia-finansowego.docx\">Wniosek o przyznanie wsparcia finansowego<\/a> Docx<\/li>\n<li><a href=\"http:\/\/business-school.pl\/start\/wp-content\/uploads\/2018\/05\/weksel-i-deklaracja-wekslowa.doc\">Weksel i deklaracja wekslowa<\/a> Docx<\/li>\n<li><span style=\"color: #0000ff;\"><a style=\"color: #0000ff;\" href=\"http:\/\/business-school.pl\/start\/wp-content\/uploads\/2018\/07\/SDB-L-wniosek-o-zmian\u0119-sposobu-wydatkowania-WF-z-podsumowaniem.xlsx\">Wniosek o zmian\u0119 sposobu wydatkowania WF z podsumowaniem<\/a>.xls<\/span><\/li>\n<\/ul>\n<p>W zwi\u0105zku z licznymi w\u0105tpliwo\u015bciami, pytaniami i b\u0142\u0119dami we wnioskach o zmian\u0119 sposobu wydatkowania, przygotowane zosta\u0142y listy kontrolne, kt\u00f3re pomog\u0105 je wyeliminowa\u0107.<\/p>\n<p>Uprzejmie prosimy o sczytanie sk\u0142adanego wniosku z check list\u0105.<\/p>\n<p>Wierzymy, \u017ce dzi\u0119ki temu sk\u0142adane wnioski b\u0119d\u0105 bezb\u0142\u0119dne, co pozwoli na szybsze ich zatwierdzanie.<\/p>\n<p><a href=\"http:\/\/business-school.pl\/start\/wp-content\/uploads\/2018\/10\/Check-lista-do-Wniosku-o-zmian\u0119-spsobu-wydatkowania-dotacji.doc\"><span style=\"color: #0000ff;\">Check lista do Wniosku o zmian\u0119 spsobu wydatkowania dotacji<\/span><\/a><\/p>\n<ul>\n<li><a href=\"http:\/\/business-school.pl\/start\/wp-content\/uploads\/2018\/05\/Harmonogram-rzeczowo-finansowy.doc\">Harmonogram rzeczowo-finansowy<\/a> Docx<\/li>\n<li><a href=\"http:\/\/business-school.pl\/start\/wp-content\/uploads\/2018\/05\/Umowa-o-udzielenie-wsparcia-finansowego.doc\">Umowa o udzielenie wsparcia finansowego<\/a> Docx<\/li>\n<\/ul>\n<p><span style=\"font-family: georgia, palatino, serif;\"><em>rozliczenie<\/em><\/span><\/p>\n<ul>\n<li><a href=\"http:\/\/business-school.pl\/start\/wp-content\/uploads\/2018\/07\/oswiadczenie-o-kwalifikowalnosci-vat.doc\">O\u015bwiadczenie o kwalifikowalno\u015bci VAT<\/a>.doc<\/li>\n<li><a href=\"http:\/\/business-school.pl\/start\/wp-content\/uploads\/2018\/07\/O\u015bwiadczenie-cena-rynkowa.docx\">O\u015bwiadczenie &#8211; cena rynkowa<\/a>.doc<\/li>\n<li><a href=\"http:\/\/business-school.pl\/start\/wp-content\/uploads\/2018\/07\/O\u015bwiadczenie-kasa-fiskalna.docx\">O\u015bwiadczenie &#8211; kasa fiskalna<\/a>.doc<\/li>\n<li><a href=\"http:\/\/business-school.pl\/start\/wp-content\/uploads\/2018\/07\/O\u015bwiadczenie-sprzedawcy.docx\">O\u015bwiadczenie &#8211; sprzedawcy<\/a>.doc<\/li>\n<li><a href=\"http:\/\/business-school.pl\/start\/wp-content\/uploads\/2018\/07\/O\u015bwiadczenie-zakupy-poni\u017cej-350000z\u0142.docx\">O\u015bwiadczenie &#8211; zakupy poni\u017cej 3500,00z\u0142<\/a>.doc<\/li>\n<li><a href=\"http:\/\/business-school.pl\/start\/wp-content\/uploads\/2018\/07\/O\u015bwiadczenie-zap\u0142ata-podatku.docx\">O\u015bwiadczenie &#8211; zap\u0142ata podatku<\/a>.doc<\/li>\n<li><a href=\"http:\/\/business-school.pl\/start\/wp-content\/uploads\/2018\/07\/O\u015bwiadczenie-zwrot-VAT.docx\">O\u015bwiadczenie &#8211; zwrot VAT<\/a>.doc<\/li>\n<li><a href=\"http:\/\/business-school.pl\/start\/wp-content\/uploads\/2018\/07\/O\u015bwiadczenie-o-dokonaniu-zakup\u00f3-zg.-z-BP.doc\">O\u015bwiadczenie o dokonaniu zakup\u00f3w zg. z BP<\/a>.doc<\/li>\n<li><a href=\"http:\/\/business-school.pl\/start\/wp-content\/uploads\/2018\/07\/O\u015bwiadczenie-o-niekorzystaniu-z-innych-zrodel.doc\">O\u015bwiadczenie o niekorzystaniu z innych-\u017ar\u00f3de\u0142<\/a>.doc<\/li>\n<li><a href=\"http:\/\/business-school.pl\/start\/wp-content\/uploads\/2018\/07\/O\u015bwiadczenie-brak-zakup\u00f3w-od-cz\u0142onk\u00f3w-rodziny.docx\">O\u015bwiadczenie-brak zakup\u00f3w od cz\u0142onk\u00f3w rodziny<\/a>.doc<\/li>\n<li><a href=\"http:\/\/business-school.pl\/start\/wp-content\/uploads\/2018\/07\/Protok\u00f3\u0142-odbioru.docx\">Protok\u00f3\u0142 odbioru<\/a>.doc<\/li>\n<li><a href=\"http:\/\/business-school.pl\/start\/wp-content\/uploads\/2018\/07\/Rozliczenie-wsparcia-finansowego.xlsx\">Rozliczenie wsparcia finansowego<\/a>.xls<\/li>\n<li><a href=\"http:\/\/business-school.pl\/start\/wp-content\/uploads\/2018\/07\/Zestawienie-uslug-zakupionych-z-dotacji_07_06.doc\">Zestawienie-uslug-zakupionych-z-dotacji_z podsumowaniem<\/a> Docx<\/li>\n<\/ul>\n<p>____________________________________________________________________<\/p>\n<p><strong><span style=\"text-decoration: underline;\"><em>Wsparcie pomostow<\/em><em>e<\/em><\/span><\/strong><\/p>\n<p><span style=\"font-family: georgia, palatino, serif;\"><em>otrzymanie<\/em><\/span><\/p>\n<ul>\n<li><a href=\"http:\/\/business-school.pl\/start\/wp-content\/uploads\/2018\/05\/Wniosek-o-przyznanie-wsparcia-pomostowego.doc\">Wniosek o przyznanie wsparcia pomostowego<\/a> Docx<\/li>\n<li><a href=\"http:\/\/business-school.pl\/start\/wp-content\/uploads\/2018\/05\/Karta_oceny-wniosku-o-przyznanie-wsparcia-pomostowego_1_oceniaj\u0105cy.docx\">Karta_oceny wniosku o przyznanie wsparcia pomostowego_1_oceniaj\u0105cy<\/a> DOC<\/li>\n<li><a href=\"http:\/\/business-school.pl\/start\/wp-content\/uploads\/2018\/05\/Karta_oceny-wniosku-o-przyznanie-wsparcia-pomostowego_2_oceniaj\u0105cy.docx\">Karta_oceny wniosku o przyznanie wsparcia pomostowego_2_oceniaj\u0105cy<\/a> DOC<\/li>\n<li><a href=\"http:\/\/business-school.pl\/start\/wp-content\/uploads\/2018\/05\/Umowa-o-\u015bwiadczenie-us\u0142ug-doradczych-pomostowe.doc\">Umowa o \u015bwiadczenie us\u0142ug doradczych (pomostowe)<\/a> Docx<\/li>\n<\/ul>\n<p><span style=\"font-family: georgia, palatino, serif;\"><em>rozliczenie<\/em><\/span><\/p>\n<ul>\n<li><a href=\"http:\/\/business-school.pl\/start\/wp-content\/uploads\/2019\/03\/Rozliczenie-ca\u0142o\u015bciowe-wsparcia-pomostowego-SDB-L-wz\u00f3r.xlsx\"><strong><span style=\"color: #3366ff;\"><span style=\"color: #0000ff;\">Rozliczenie-ca\u0142o\u015bciowe-wsparcia-pomostowego-SDB-L-wz\u00f3r_<span style=\"color: #ff0000;\">AKTUALNY<\/span><\/span><\/span><\/strong><\/a><\/li>\n<li><del><span style=\"color: #0000ff;\"><a style=\"color: #0000ff;\" href=\"http:\/\/business-school.pl\/start\/wp-content\/uploads\/2019\/03\/Rozliczenie-ca\u0142o\u015bciowe-wsparcia-pomostowego-SDB-L-wz\u00f3r.xls\"><strong>Rozliczenie ca\u0142o\u015bciowe wsparcia pomostowego SDB-L<\/strong> <\/a><\/span><\/del><\/li>\n<li><a href=\"http:\/\/business-school.pl\/start\/wp-content\/uploads\/2019\/06\/O\u015bwiadczenie-o-zatrudnieniu-zg.-z-BP.doc\"><strong>O\u015bwiadczenie o zatrudnieniu zg. z BP<\/strong><\/a><\/li>\n<li><a href=\"http:\/\/business-school.pl\/start\/wp-content\/uploads\/2018\/06\/Zasady-rozliczania-FINANSOWE-WSPARCIE-POMOSTOWE_SDB-L.docx\">Zasady rozliczania FINANSOWE WSPARCIE POMOSTOWE_SDB-L<\/a>.doc<\/li>\n<li><a href=\"http:\/\/business-school.pl\/start\/wp-content\/uploads\/2018\/07\/SDB-L-wniosek-o-zmian\u0119-wydatkowania-pomost\u00f3wki_07_06.xls\"><span style=\"color: #0000ff;\">SDB-L-wniosek-o-zmian\u0119-wydatkowania-pomost\u00f3wki_z podsumowaniem<\/span><\/a><span style=\"color: #0000ff;\">.xls<\/span><\/li>\n<\/ul>\n<p>W zwi\u0105zku z licznymi w\u0105tpliwo\u015bciami, pytaniami i b\u0142\u0119dami we wnioskach o zmian\u0119 sposobu wydatkowania, przygotowane zosta\u0142y listy kontrolne, kt\u00f3re pomog\u0105 je wyeliminowa\u0107.<\/p>\n<p>Uprzejmie prosimy o sczytanie sk\u0142adanego wniosku z check list\u0105.<\/p>\n<p>Wierzymy, \u017ce dzi\u0119ki temu sk\u0142adane wnioski b\u0119d\u0105 bezb\u0142\u0119dne, co pozwoli na szybsze ich zatwierdzanie.<\/p>\n<p><span style=\"color: #0000ff;\"><a style=\"color: #0000ff;\" href=\"http:\/\/business-school.pl\/start\/wp-content\/uploads\/2018\/10\/Check-lista-do-Wniosku-o-zmian\u0119-spsobu-wydatkowania-pomost\u00f3wki.doc\">Check lista do Wniosku o zmian\u0119 spsobu wydatkowania pomost\u00f3wki<\/a><\/span><\/p>\n<ul>\n<li><a href=\"http:\/\/business-school.pl\/start\/wp-content\/uploads\/2018\/11\/Rozliczenie-wsparcia-pomostowego_z-podsumowaniem.doc\">Rozliczenie-wsparcia-pomostowego_z-podsumowaniem<\/a>.Docx<\/li>\n<\/ul>\n<hr \/>\n<p><strong><span style=\"text-decoration: underline;\">POMOC\u00a0 DE_MINIMIS<\/span> <\/strong><\/p>\n<ul>\n<li><a href=\"http:\/\/business-school.pl\/start\/wp-content\/uploads\/2018\/05\/BP1-Formularz_informacji_ubieganie_si\u0119_o_pomoc_de_minimis.pdf\">Formularz informacji ubieganie si\u0119 o pomoc de_minimis<\/a>.pdf<\/li>\n<li><a href=\"http:\/\/business-school.pl\/start\/wp-content\/uploads\/2018\/04\/Katalog-wyklucze\u0144-z-pomocy-de-minimis.doc\">Katalog wyklucze\u0144 z pomocy de minimis<\/a> .doc<\/li>\n<li><a href=\"http:\/\/business-school.pl\/start\/wp-content\/uploads\/2018\/06\/Za\u0142.-20.-O\u015bwiadczenie-o-aktualn.-danych-de-minimis.doc\">O\u015bwiadczenie o aktualn danych de_<\/a><a href=\"http:\/\/business-school.pl\/start\/wp-content\/uploads\/2018\/06\/Za\u0142.-20.-O\u015bwiadczenie-o-aktualn.-danych-de-minimis.doc\">minimis<\/a><\/li>\n<\/ul>\n<p><strong>Formularz o uzyskanej pomocy de minimis ( instrukcja)<\/strong><\/p>\n<p>Jednym z wymaganych przez Beneficjenta za\u0142\u0105cznik\u00f3w do wniosku o dotacje jest\u00a0 formularz informacji\u00a0przedstawianych przy ubieganiu si\u0119 o pomoc de minimis.\u00a0 Z uwagi na liczne problemy, jakie sprawia on Uczestnikom \u2013 przedstawiamy poni\u017cej zwi\u0119z\u0142\u0105 instrukcj\u0119 jego wype\u0142niania.<\/p>\n<ol>\n<li>a) Osoby staraj\u0105ce si\u0119 o bezzwrotne dotacje w ramach RPO WL 2014-2020,\u00a0powinny wype\u0142ni\u0107 tylko cz\u0119\u015b\u0107 A i C formularza oraz podpisa\u0107 niniejszy dokument na ostatniej stronie.<\/li>\n<\/ol>\n<p>b).\u00a0Podane informacje winny dotyczy\u0107 planowanej dzia\u0142alno\u015bci gospodarczej\u00a0w odniesieniu do kt\u00f3rej Wnioskodawca ubiega si\u0119 o dotacje.<\/p>\n<ol>\n<li>c)\u00a0Identyfikator gminy, w kt\u00f3rej wnioskodawca ma miejsce zamieszkania albo siedzib\u0119 mo\u017cna sprawdzi\u0107 tutaj:<br \/>\n<a href=\"http:\/\/business-school.pl\/start\/wp-content\/uploads\/2018\/06\/identyfikator-gmin-woj.-lubelskie.xls\">identyfikator gmin woj. lubelskie<\/a><\/li>\n<li>d) W\u0142a\u015bciw\u0105 form\u0105 prawn\u0105, w przypadku dotacji w ramach RPO WL 2014-2020, b\u0119dzie zawsze \u201einna forma prawna\u201d. A dok\u0142adnie:\u00a0Indywidualna pozarolnicza dzia\u0142alno\u015b\u0107 gospodarcza osoby fizycznej.<\/li>\n<li>e) Je\u017celi w ramach dzia\u0142alno\u015bci przewiduje si\u0119 zatrudnienie do 9 pracownik\u00f3w, wielko\u015b\u0107 wnioskodawcy klasyfikuje si\u0119 jako mikroprzedsi\u0119biorstwo.<\/li>\n<li>f) Data utworzenia \u2013 podaje si\u0119 tu dat\u0119 uruchomienia firmy ( dat\u0119 , gdy wpis w CEiDG b\u0119dzie aktywny)<\/li>\n<\/ol>\n<p>Od dnia 15.XI.2015 obowi\u0105zuj\u0105 nowe wzory tego dokumentu &gt;\u00a0 <a href=\"http:\/\/business-school.pl\/start\/wp-content\/uploads\/2018\/06\/formularz_informacji_de_minimis.xlsx\">Formularz informacji przedstawianych przy ubieganiu si\u0119 o pomoc de minimis<\/a><\/p>\n<p>Przyk\u0142adowa Instrukcja wype\u0142nienia tego dokumentu: <a href=\"http:\/\/business-school.pl\/start\/wp-content\/uploads\/2018\/06\/wzor_wypelnienia-formularza-de-minimis.pdf\">wz\u00f3r wypelnienia formularza de minimis<\/a><\/p>\n<hr \/>\n<p>&nbsp;<\/p>\n","protected":false},"excerpt":{"rendered":"<p>Dokumenty do pobrania dla Kandydat\u00f3w do Projektu FORMULARZ\u00a0 ZG\u0141OSZENIOWY Regulamin rekrutacji Start do biznesu aktualizacja 08.08.2018-1 Regulamin rekrutacji projekt Start do biznesu aktualizacja 31_07_2018 Regulamin rekrutacji w projekcie Start do biznesu-aktualizacja-12_06_2018 Regulamin rekrutacji w projekcie Start do biznesu-aktualizacja 30.03.2018 Formularz zg\u0142oszeniowy.pdf Formularz zg\u0142oszeniowy.docx Karta oceny formularza &#8211; wszystkie etapy (w tym doradca).pdf Karta oceny formularza &hellip; <a href=\"http:\/\/business-school.pl\/start\/dokumenty-dla-uczestnikow\/\" class=\"more-link\">Czytaj dalej <span class=\"screen-reader-text\">Dokumenty dla Uczestnik\u00f3w<\/span> <span class=\"meta-nav\">&rarr;<\/span><\/a><\/p>\n","protected":false},"author":1,"featured_media":0,"parent":0,"menu_order":0,"comment_status":"closed","ping_status":"closed","template":"","meta":[],"_links":{"self":[{"href":"http:\/\/business-school.pl\/start\/wp-json\/wp\/v2\/pages\/14"}],"collection":[{"href":"http:\/\/business-school.pl\/start\/wp-json\/wp\/v2\/pages"}],"about":[{"href":"http:\/\/business-school.pl\/start\/wp-json\/wp\/v2\/types\/page"}],"author":[{"embeddable":true,"href":"http:\/\/business-school.pl\/start\/wp-json\/wp\/v2\/users\/1"}],"replies":[{"embeddable":true,"href":"http:\/\/business-school.pl\/start\/wp-json\/wp\/v2\/comments?post=14"}],"version-history":[{"count":108,"href":"http:\/\/business-school.pl\/start\/wp-json\/wp\/v2\/pages\/14\/revisions"}],"predecessor-version":[{"id":705,"href":"http:\/\/business-school.pl\/start\/wp-json\/wp\/v2\/pages\/14\/revisions\/705"}],"wp:attachment":[{"href":"http:\/\/business-school.pl\/start\/wp-json\/wp\/v2\/media?parent=14"}],"curies":[{"name":"wp","href":"https:\/\/api.w.org\/{rel}","templated":true}]}}