{"id":12,"date":"2017-12-27T13:28:29","date_gmt":"2017-12-27T12:28:29","guid":{"rendered":"http:\/\/business-school.pl\/start\/?page_id=12"},"modified":"2018-01-16T10:06:10","modified_gmt":"2018-01-16T09:06:10","slug":"rekrutacja","status":"publish","type":"page","link":"http:\/\/business-school.pl\/start\/rekrutacja\/","title":{"rendered":"Rekrutacja"},"content":{"rendered":"<p><strong>Pierwszy\u00a0 termin rekrutacji\u00a0 od 07.02.2018 r.\u00a0 do\u00a0 06.03 2018 r.<\/strong><\/p>\n<hr \/>\n<p><strong><span style=\"font-size: 18pt;\">Jak si\u0119 zg\u0142osi\u0107?<\/span><\/strong><\/p>\n<p>W\u00a0celu wzi\u0119cia udzia\u0142u w\u00a0procesie rekrutacji do\u00a0projektu\u00a0<strong>\u201eStart do biznesu gwarancj\u0105 sukcesu!\u201d<\/strong>, nale\u017cy zapozna\u0107 si\u0119 z\u00a0<em>Regulaminem rekrutacji<\/em>\u00a0oraz\u00a0dostarczy\u0107 do\u00a0Biura Projektu\u00a0<em>Formularz zg\u0142oszeniowy<\/em>\u00a0wype\u0142niony elektronicznie zgodnie z\u00a0podanym wzorem i\u00a0opatrzony w\u0142asnor\u0119cznym czytelnym podpisem Kandydata\/ ki wraz z\u00a0wymaganymi za\u0142\u0105cznikami:<\/p>\n<ul>\n<li>\u00a0Kopia \u015bwiadectwa\/ dyplomu uko\u0144czenia szko\u0142y\/ studi\u00f3w\u00a0<em>(dotyczy wszystkich Kandydat\u00f3w\/ek)<\/em><\/li>\n<li>\u00a0Aktualne za\u015bwiadczenie z\u00a0w\u0142a\u015bciwego Powiatowego Urz\u0119du Pracy<em>\u00a0(dotyczy osoby zarejestrowanej jako bezrobotnej)<\/em><\/li>\n<li>\u00a0Kopia orzeczenia o\u00a0niepe\u0142nosprawno\u015bci\u00a0<em>(dotyczy osoby z\u00a0niepe\u0142nosprawno\u015bciami)<\/em><\/li>\n<li>\u00a0Za\u015bwiad\u00adcze\u00adnie z\u00a0KRUS lub inny dokument z\u00a0infor\u00adma\u00adcj\u0105 o\u00a0ilo\u00ad\u015bci posia\u00adda\u00adnych hek\u00adta\u00adr\u00f3w prze\u00adli\u00adcze\u00adnio\u00adwych\u00a0<em>(dotyczy osoby odchodz\u0105cej z\u00a0rolnictwa)<\/em><\/li>\n<\/ul>\n<p><strong>Regulamin rekrutacji oraz\u00a0wz\u00f3r formularza zg\u0142oszeniowego dost\u0119pny jest na\u00a0stronie<br \/>\n<\/strong><a href=\"http:\/\/www.business-school.pl\/start\" target=\"_blank\" rel=\"noopener\">www.business-school.pl\/start<\/a><strong>\u00a0w\u00a0zak\u0142adce\u00a0<em>DOKUMENTY DLA UCZESTNIK\u00d3W<\/em>\u00a0oraz\u00a0w\u00a0Biurze Projektu.<\/strong><\/p>\n<p>Formularze zg\u0142oszeniowe do\u00a0projektu wraz z\u00a0w\/w za\u0142\u0105cznikami przyjmowane b\u0119d\u0105 elektronicznie lub w\u00a0wersji papierowej w\u00a0Biurze Projektu \u00a0w dniach od\u00a0poniedzia\u0142ku do\u00a0pi\u0105tku w\u00a0godz. od\u00a09:00 do\u00a015:00 w\u00a0trakcie trwania rekrutacji do\u00a0projektu.<\/p>\n<p>Gotowe Formularze Zg\u0142oszeniowe wraz z\u00a0wymaganymi za\u0142\u0105cznikami nale\u017cy z\u0142o\u017cy\u0107 osobi\u015bcie lub za\u00a0po\u015brednictwem poczty tradycyjnej lub kuriera. Istnieje mo\u017cliwo\u015b\u0107 przes\u0142ania skanu wype\u0142nionego i\u00a0podpisanego Formularza zg\u0142oszeniowego na\u00a0adres:\u00a0<a href=\"mailto:start@business-school.pl\">start@business-school.pl<\/a>\u00a0, przy czym dodatkowo dostarczenie niniejszych dokument\u00f3w rekrutacyjnych w\u00a0wersji papierowej do\u00a0Biura Projektu musi nast\u0105pi\u0107 najp\u00f3\u017aniej w\u00a0ci\u0105gu nast\u0119pnych 2 dni roboczych licz\u0105c od\u00a0dnia przes\u0142ania wersji elektronicznej.<\/p>\n<hr \/>\n<p><span style=\"font-size: 14pt;\"><strong>OG\u0141ASZAMY REKRUTACJ\u0118 DO\u00a0PROJEKTU!<\/strong><\/span><\/p>\n<p>Nab\u00f3r do\u00a0projektu \u201eStart do biznesu gwarancj\u0105 sukcesu!\u201d prowadzony b\u0119dzie\u00a0 w terminie:<\/p>\n<p><strong>stycze\u0144- luty 2018 <\/strong>oraz<\/p>\n<p><strong>czerwiec- lipiec 2018.<\/strong><\/p>\n<p><strong>Pozosta\u0144 Panem samego siebie!<\/strong><\/p>\n<p><strong>Czekamy na\u00a0Pa\u0144stwa zg\u0142oszenia!<\/strong><\/p>\n<hr \/>\n<p>Z\u0142o\u017cenie Formularza zg\u0142oszeniowego wraz z\u00a0za\u0142\u0105cznikami nie jest jednoznaczne z\u00a0zakwalifikowaniem do\u00a0Projektu. O\u00a0zakwalifikowaniu Kandydata\/ ki do\u00a0Projektu decyduje Komisja Rekrutacyjna.<\/p>\n<hr \/>\n<p><strong>Rekrutacja do\u00a0Projektu sk\u0142ada si\u0119 z\u00a0trzech etap\u00f3w:<\/strong><\/p>\n<p><strong>I\u00a0etap:<\/strong>\u00a0ocena\u00a0formalna <em>Formularza zg\u0142oszeniowego,<\/em><\/p>\n<p><strong>II etap: <\/strong>ocena merytoryczna biznesplanu<\/p>\n<p><strong>III etap:<\/strong>\u00a0diagnoza kompetencji przedsi\u0119biorczych przeprowadzana przez doradc\u0119 zawodowego\/ psychologa z\u00a0max 70 osobami, kt\u00f3re uzyska\u0142y najwi\u0119ksz\u0105 ilo\u015b\u0107 punkt\u00f3w w\u00a0wyniku oceny Formularzy Zg\u0142oszeniowych.<\/p>\n<hr \/>\n<p><u>Lista 96 os\u00f3b zakwalifikowanych do\u00a0udzia\u0142u w\u00a0projekcie<\/u>\u00a0zostanie zamieszczona na\u00a0\u00a0<u>www.business-school<\/u><u>.pl\/start\u00a0<\/u>oraz\u00a0w\u00a0Biurze Projektu po\u00a0zako\u0144czeniu prac Komisji Rekrutacyjnej.<\/p>\n<p>Szczeg\u00f3\u0142owe zasady przeprowadzania procesu rekrutacji do\u00a0Projektu \u201e<strong>Start do biznesu gwarancj\u0105 sukcesu!\u201d\u00a0<\/strong>zosta\u0142y okre\u015blone w\u00a0<em>Regulaminie rekrutacji<\/em>\u00a0dost\u0119pnym<br \/>\nna\u00a0<a href=\"http:\/\/www.business-school.pl\/start\">www.business-school.pl\/start<\/a>\u00a0w\u00a0zak\u0142adce\u00a0<em>DOKUMENTY DLA UCZESTNIK\u00d3W<\/em>.<\/p>\n","protected":false},"excerpt":{"rendered":"<p>Pierwszy\u00a0 termin rekrutacji\u00a0 od 07.02.2018 r.\u00a0 do\u00a0 06.03 2018 r. Jak si\u0119 zg\u0142osi\u0107? W\u00a0celu wzi\u0119cia udzia\u0142u w\u00a0procesie rekrutacji do\u00a0projektu\u00a0\u201eStart do biznesu gwarancj\u0105 sukcesu!\u201d, nale\u017cy zapozna\u0107 si\u0119 z\u00a0Regulaminem rekrutacji\u00a0oraz\u00a0dostarczy\u0107 do\u00a0Biura Projektu\u00a0Formularz zg\u0142oszeniowy\u00a0wype\u0142niony elektronicznie zgodnie z\u00a0podanym wzorem i\u00a0opatrzony w\u0142asnor\u0119cznym czytelnym podpisem Kandydata\/ ki wraz z\u00a0wymaganymi za\u0142\u0105cznikami: \u00a0Kopia \u015bwiadectwa\/ dyplomu uko\u0144czenia szko\u0142y\/ studi\u00f3w\u00a0(dotyczy wszystkich Kandydat\u00f3w\/ek) \u00a0Aktualne za\u015bwiadczenie z\u00a0w\u0142a\u015bciwego &hellip; <a href=\"http:\/\/business-school.pl\/start\/rekrutacja\/\" class=\"more-link\">Czytaj dalej <span class=\"screen-reader-text\">Rekrutacja<\/span> <span class=\"meta-nav\">&rarr;<\/span><\/a><\/p>\n","protected":false},"author":1,"featured_media":0,"parent":0,"menu_order":0,"comment_status":"closed","ping_status":"closed","template":"","meta":[],"_links":{"self":[{"href":"http:\/\/business-school.pl\/start\/wp-json\/wp\/v2\/pages\/12"}],"collection":[{"href":"http:\/\/business-school.pl\/start\/wp-json\/wp\/v2\/pages"}],"about":[{"href":"http:\/\/business-school.pl\/start\/wp-json\/wp\/v2\/types\/page"}],"author":[{"embeddable":true,"href":"http:\/\/business-school.pl\/start\/wp-json\/wp\/v2\/users\/1"}],"replies":[{"embeddable":true,"href":"http:\/\/business-school.pl\/start\/wp-json\/wp\/v2\/comments?post=12"}],"version-history":[{"count":8,"href":"http:\/\/business-school.pl\/start\/wp-json\/wp\/v2\/pages\/12\/revisions"}],"predecessor-version":[{"id":38,"href":"http:\/\/business-school.pl\/start\/wp-json\/wp\/v2\/pages\/12\/revisions\/38"}],"wp:attachment":[{"href":"http:\/\/business-school.pl\/start\/wp-json\/wp\/v2\/media?parent=12"}],"curies":[{"name":"wp","href":"https:\/\/api.w.org\/{rel}","templated":true}]}}